{"id":4979,"date":"2021-03-10T10:49:27","date_gmt":"2021-03-10T15:49:27","guid":{"rendered":"https:\/\/groupoktopous.com\/?post_type=product&#038;p=4979"},"modified":"2021-03-10T11:44:22","modified_gmt":"2021-03-10T16:44:22","slug":"switch-haiti","status":"publish","type":"product","link":"https:\/\/groupoktopous.com\/fr\/electro-menager\/switch-haiti\/","title":{"rendered":"Switch Haiti"},"content":{"rendered":"<p>SWITCH est une entreprise de marketing social et de fabrication dont l&#8217;objectif est d&#8217;am\u00e9liorer les moyens de subsistance, de prot\u00e9ger l&#8217;environnement, de pr\u00e9server la sant\u00e9, de cr\u00e9er des emplois et d&#8217;autonomiser les femmes en rempla\u00e7ant le charbon de boi par le propane comme source d&#8217;\u00e9nergie pour la cuisine. Nous sommes membre de l&#8217;Alliance mondiale pour les cuisini\u00e8res propres et de l&#8217;association mondiale LPG.<\/p>","protected":false},"excerpt":{"rendered":"<p>SWITCH est une entreprise de marketing social et de fabrication dont l&#8217;objectif est d&#8217;am\u00e9liorer les moyens de subsistance, de prot\u00e9ger l&#8217;environnement, de pr\u00e9server la sant\u00e9, de cr\u00e9er des emplois et<\/p>\n<div><a href=\"https:\/\/groupoktopous.com\/fr\/electro-menager\/switch-haiti\/\" class=\"exp-read-more exp-read-more-underlined\">Read More<\/a><\/div>","protected":false},"featured_media":4980,"comment_status":"closed","ping_status":"closed","template":"","meta":[],"product_brand":[],"product_cat":[136],"product_tag":[],"class_list":{"0":"post-4979","1":"product","2":"type-product","3":"status-publish","4":"has-post-thumbnail","6":"product_cat-electro-menager","8":"first","9":"instock","10":"shipping-taxable","11":"purchasable","12":"product-type-variable"},"_links":{"self":[{"href":"https:\/\/groupoktopous.com\/fr\/wp-json\/wp\/v2\/product\/4979","targetHints":{"allow":["GET"]}}],"collection":[{"href":"https:\/\/groupoktopous.com\/fr\/wp-json\/wp\/v2\/product"}],"about":[{"href":"https:\/\/groupoktopous.com\/fr\/wp-json\/wp\/v2\/types\/product"}],"replies":[{"embeddable":true,"href":"https:\/\/groupoktopous.com\/fr\/wp-json\/wp\/v2\/comments?post=4979"}],"wp:featuredmedia":[{"embeddable":true,"href":"https:\/\/groupoktopous.com\/fr\/wp-json\/wp\/v2\/media\/4980"}],"wp:attachment":[{"href":"https:\/\/groupoktopous.com\/fr\/wp-json\/wp\/v2\/media?parent=4979"}],"wp:term":[{"taxonomy":"product_brand","embeddable":true,"href":"https:\/\/groupoktopous.com\/fr\/wp-json\/wp\/v2\/product_brand?post=4979"},{"taxonomy":"product_cat","embeddable":true,"href":"https:\/\/groupoktopous.com\/fr\/wp-json\/wp\/v2\/product_cat?post=4979"},{"taxonomy":"product_tag","embeddable":true,"href":"https:\/\/groupoktopous.com\/fr\/wp-json\/wp\/v2\/product_tag?post=4979"}],"curies":[{"name":"wp","href":"https:\/\/api.w.org\/{rel}","templated":true}]}}