{"id":4959,"date":"2021-03-10T10:44:44","date_gmt":"2021-03-10T15:44:44","guid":{"rendered":"https:\/\/groupoktopous.com\/?post_type=product&#038;p=4959"},"modified":"2021-03-10T11:46:30","modified_gmt":"2021-03-10T16:46:30","slug":"ferre-haiti","status":"publish","type":"product","link":"https:\/\/groupoktopous.com\/fr\/electro-menager\/ferre-haiti\/","title":{"rendered":"Ferre Haiti"},"content":{"rendered":"<p>La gamme de produits de cuisine FERRE-FEMAS a \u00e9t\u00e9 cr\u00e9\u00e9e \u00e0 Kayseri, en Turquie, en 1978. Le r\u00e9sultat de 45 ans de production d&#8217;appareils de cuisine de qualit\u00e9 sup\u00e9rieure est maintenant disponible en Afrique du Sud. Pssst\u2026 les prix vous feront sourire jusqu&#8217;\u00e0 la cuisine!<\/p>","protected":false},"excerpt":{"rendered":"<p>La gamme de produits de cuisine FERRE-FEMAS a \u00e9t\u00e9 cr\u00e9\u00e9e \u00e0 Kayseri, en Turquie, en 1978. Le r\u00e9sultat de 45 ans de production d&#8217;appareils de cuisine de qualit\u00e9 sup\u00e9rieure est<\/p>\n<div><a href=\"https:\/\/groupoktopous.com\/fr\/electro-menager\/ferre-haiti\/\" class=\"exp-read-more exp-read-more-underlined\">Read More<\/a><\/div>","protected":false},"featured_media":4964,"comment_status":"closed","ping_status":"closed","template":"","meta":[],"product_brand":[],"product_cat":[136],"product_tag":[],"class_list":{"0":"post-4959","1":"product","2":"type-product","3":"status-publish","4":"has-post-thumbnail","6":"product_cat-electro-menager","8":"first","9":"instock","10":"shipping-taxable","11":"purchasable","12":"product-type-variable"},"_links":{"self":[{"href":"https:\/\/groupoktopous.com\/fr\/wp-json\/wp\/v2\/product\/4959","targetHints":{"allow":["GET"]}}],"collection":[{"href":"https:\/\/groupoktopous.com\/fr\/wp-json\/wp\/v2\/product"}],"about":[{"href":"https:\/\/groupoktopous.com\/fr\/wp-json\/wp\/v2\/types\/product"}],"replies":[{"embeddable":true,"href":"https:\/\/groupoktopous.com\/fr\/wp-json\/wp\/v2\/comments?post=4959"}],"wp:featuredmedia":[{"embeddable":true,"href":"https:\/\/groupoktopous.com\/fr\/wp-json\/wp\/v2\/media\/4964"}],"wp:attachment":[{"href":"https:\/\/groupoktopous.com\/fr\/wp-json\/wp\/v2\/media?parent=4959"}],"wp:term":[{"taxonomy":"product_brand","embeddable":true,"href":"https:\/\/groupoktopous.com\/fr\/wp-json\/wp\/v2\/product_brand?post=4959"},{"taxonomy":"product_cat","embeddable":true,"href":"https:\/\/groupoktopous.com\/fr\/wp-json\/wp\/v2\/product_cat?post=4959"},{"taxonomy":"product_tag","embeddable":true,"href":"https:\/\/groupoktopous.com\/fr\/wp-json\/wp\/v2\/product_tag?post=4959"}],"curies":[{"name":"wp","href":"https:\/\/api.w.org\/{rel}","templated":true}]}}