{"id":440,"date":"2016-11-18T13:35:17","date_gmt":"2016-11-18T13:35:17","guid":{"rendered":"http:\/\/2035themes.com\/luxenv2\/?page_id=440"},"modified":"2020-03-18T13:18:15","modified_gmt":"2020-03-18T18:18:15","slug":"modern-home-page","status":"publish","type":"page","link":"https:\/\/groupoktopous.com\/fr\/modern-home-page\/","title":{"rendered":"Oktopous Home"},"content":{"rendered":"<p>[vc_row full_width=&#8221;stretch_row_content_no_spaces&#8221;][vc_column][l_home_slider features_text_1=&#8221;INSTANT BOOKING&#8221; features_text_2=&#8221;24\/7 SUPPORT&#8221; features_text_3=&#8221;FREE WI-FI&#8221;][\/vc_column][\/vc_row][vc_row full_width=&#8221;stretch_row&#8221;][vc_column][vc_empty_space height=&#8221;50px&#8221;][vc_column_text]<\/p>\n<p style=\"text-align: center;\"><span class=\"s1\" style=\"color: #808080;\">ABOUT<\/span><\/p>\n<p>[\/vc_column_text][vc_empty_space height=&#8221;15px&#8221;][vc_row_inner css=&#8221;.vc_custom_1479986647437{padding-right: 17% !important;padding-left: 17% !important;}&#8221;][vc_column_inner][vc_custom_heading text=&#8221;OKTOPOUS offers you a wide range of sites, vacation spots and activities highlighting both the beauty and the wealth of the natural and cultural heritage of the places in order to enrich your vacation.&#8221; font_container=&#8221;tag:p|font_size:18px|text_align:center|color:%23333333|line_height:34px&#8221; google_fonts=&#8221;font_family:Playfair%20Display%3Aregular%2Citalic%2C700%2C700italic%2C900%2C900italic|font_style:400%20regular%3A400%3Anormal&#8221;][vc_raw_html]JTNDY2VudGVyJTNFJTNDaDIlMjBzdHlsZSUzRCUyMnRleHQtZGVjb3JhdGlvbiUzQSUyMHVuZGVybGluZSUzQiUyMiUzRSUyMCUzQ2JyJTJGJTNFJTNDYSUyMGhyZWYlM0RodHRwcyUzQSUyRiUyRmdyb3Vwb2t0b3BvdXMuY29tJTJGaG90ZWxzJTIwdGFyZ2V0JTNEJTIyX2JsYW5rJTIyJTNFUGxlYXNlJTIwY2xpY2slMjBIRVJFJTIwdG8lMjB2aWV3JTIwYWxsJTIwb3VyJTIwYXZhaWxhYmxlJTIwRGVzdGluYXRpb25zLiUzQyUyRmElM0UlM0MlMkZoMiUzRSUzQyUyRmNlbnRlciUzRQ==[\/vc_raw_html][\/vc_column_inner][\/vc_row_inner][vc_empty_space height=&#8221;60px&#8221;][\/vc_column][\/vc_row][vc_row][vc_column width=&#8221;1\/3&#8243;][vc_icon icon_fontawesome=&#8221;fa fa-trophy&#8221; color=&#8221;custom&#8221; custom_color=&#8221;#fabd40&#8243;][vc_custom_heading text=&#8221;Luxury Design&#8221; font_container=&#8221;tag:p|font_size:21px|text_align:left|color:%23333333&#8243; google_fonts=&#8221;font_family:Playfair%20Display%3Aregular%2Citalic%2C700%2C700italic%2C900%2C900italic|font_style:400%20regular%3A400%3Anormal&#8221;][vc_empty_space height=&#8221;15px&#8221;][vc_column_text]<\/p>\n<p class=\"p1\">Le concept de <span class=\"s1\">l\u2019OCTOPUS<\/span> fait r\u00e9f\u00e9rence \u00e0 la famille des octopodes, mollusques \u00e0 huit bras. Symbole de f\u00e9condit\u00e9 en Extr\u00eame Orient ou de sagesse chez les grecs de l\u2019Antiquit\u00e9, l\u2019octopus a nourri l\u2019imaginaire de nombreuses civilisations.<\/p>\n<p>[\/vc_column_text][\/vc_column][vc_column width=&#8221;1\/3&#8243;][vc_icon icon_fontawesome=&#8221;fa fa-calendar-o&#8221; color=&#8221;custom&#8221; custom_color=&#8221;#fabd40&#8243;][vc_custom_heading text=&#8221;Booking Management&#8221; font_container=&#8221;tag:p|font_size:21px|text_align:left|color:%23333333&#8243; google_fonts=&#8221;font_family:Playfair%20Display%3Aregular%2Citalic%2C700%2C700italic%2C900%2C900italic|font_style:400%20regular%3A400%3Anormal&#8221;][vc_empty_space height=&#8221;15px&#8221;][vc_column_text]<\/p>\n<p class=\"p1\">Toutefois, il est g\u00e9n\u00e9ralement associ\u00e9 au r\u00e9seau et \u00e0 l\u2019expansion, dont les tentacules repr\u00e9sentent les branches, dynamiques. De plus, l\u2019octopus poss\u00e8de une grande capacit\u00e9 de r\u00e9g\u00e9n\u00e9ration lorsqu\u2019elle perd un tentacule ou plus. Gr\u00e2ce \u00e0 ceux-ci cet animal est aussi formidablement arm\u00e9 et s\u2019est prodigieusement adapt\u00e9 aux changements de l\u2019environnement.<\/p>\n<p>[\/vc_column_text][\/vc_column][vc_column width=&#8221;1\/3&#8243;][vc_icon icon_fontawesome=&#8221;fa fa-diamond&#8221; color=&#8221;custom&#8221; custom_color=&#8221;#fabd40&#8243;][vc_custom_heading text=&#8221;VIP Rooms Available&#8221; font_container=&#8221;tag:p|font_size:21px|text_align:left|color:%23333333&#8243; google_fonts=&#8221;font_family:Playfair%20Display%3Aregular%2Citalic%2C700%2C700italic%2C900%2C900italic|font_style:400%20regular%3A400%3Anormal&#8221;][vc_empty_space height=&#8221;15px&#8221;][vc_column_text]<\/p>\n<p class=\"p1\">A l\u2019instar de <span class=\"s1\">l\u2019OCTOPUS<\/span>, soleil immerg\u00e9, force dissimul\u00e9e dans le fond des mers, <span class=\"s2\"><b>OKTOPOUS<\/b><\/span> allie \u00e0 la pr\u00e9sence de la mer un m\u00e9lange de nature, de culture, de terre et de mer, d\u2019int\u00e9rieur et d\u2019ext\u00e9rieur\u2026autant d\u2019\u00e9l\u00e9ments mis ensemble pour faire de vos vacances des moments inoubliables.<\/p>\n<p>[\/vc_column_text][\/vc_column][\/vc_row][vc_row][vc_column][vc_empty_space height=&#8221;90px&#8221;][\/vc_column][\/vc_row][vc_row full_width=&#8221;stretch_row&#8221; parallax=&#8221;content-moving&#8221; parallax_image=&#8221;548&#8243;][vc_column][vc_empty_space height=&#8221;105px&#8221;][vc_custom_heading text=&#8221;A CONCEPT DESIGNED FOR YOU&#8221; font_container=&#8221;tag:p|font_size:45px|text_align:center|color:%23ffffff|line_height:55px&#8221; google_fonts=&#8221;font_family:Playfair%20Display%3Aregular%2Citalic%2C700%2C700italic%2C900%2C900italic|font_style:400%20regular%3A400%3Anormal&#8221; link=&#8221;url:https%3A%2F%2Fgroupoktopous.com%2Fhotels||target:%20_blank|&#8221;][vc_empty_space height=&#8221;105px&#8221;][\/vc_column][\/vc_row][vc_row disable_element=&#8221;yes&#8221;][vc_column][vc_empty_space height=&#8221;45px&#8221;][\/vc_column][\/vc_row][vc_row disable_element=&#8221;yes&#8221;][vc_column width=&#8221;2\/12&#8243;][\/vc_column][vc_column width=&#8221;4\/12&#8243;][l_testimonial testimonial_image=&#8221;376&#8243;]<\/p>\n<p class=\"p1\"><span class=\"s1\">Duis mollis, est non commodo luctus,<span class=\"Apple-converted-space\">\u00a0 <\/span>por ttitor ligula, eget lacinia odio <\/span><span class=\"s1\">semelit morel<\/span><\/p>\n<p>[\/l_testimonial][\/vc_column][vc_column width=&#8221;4\/12&#8243;][l_testimonial testimonial_image=&#8221;373&#8243;]<\/p>\n<p class=\"p1\"><span class=\"s1\">Duis mollis, est non commodo luctus,<span class=\"Apple-converted-space\">\u00a0 <\/span>por ttitor ligula, eget lacinia odio\u00a0<\/span><span class=\"s1\">semelit morel<\/span><\/p>\n<p>[\/l_testimonial][\/vc_column][vc_column width=&#8221;2\/12&#8243;][\/vc_column][\/vc_row][vc_row][vc_column][vc_empty_space height=&#8221;60px&#8221;][vc_separator][vc_empty_space height=&#8221;55px&#8221;][vc_custom_heading text=&#8221;Our Rooms&#8221; font_container=&#8221;tag:p|font_size:36px|text_align:center|color:%23000000&#8243; google_fonts=&#8221;font_family:Playfair%20Display%3Aregular%2Citalic%2C700%2C700italic%2C900%2C900italic|font_style:400%20regular%3A400%3Anormal&#8221;][vc_empty_space height=&#8221;40px&#8221;][\/vc_column][\/vc_row][vc_row][vc_column][room_list list_room_type=&#8221;modern&#8221; list_room_name=&#8221;331&#8243;][\/vc_column][\/vc_row][vc_row][vc_column][vc_column_text]<\/p>\n<p>[\/vc_column_text][\/vc_column][\/vc_row][vc_row row_full_screen=&#8221;&#8221; row_full_height=&#8221;&#8221; css=&#8221;.vc_custom_1479393388297{padding-right: 14% !important;padding-left: 14% !important;}&#8221;][vc_column][vc_empty_space height=&#8221;40px&#8221;][vc_single_image image=&#8221;239&#8243; img_size=&#8221;full&#8221; alignment=&#8221;center&#8221; el_class=&#8221;retina-image&#8221;][vc_empty_space height=&#8221;15px&#8221;][vc_separator color=&#8221;custom&#8221; el_width=&#8221;90&#8243; accent_color=&#8221;#f0f0f0&#8243;][vc_empty_space height=&#8221;10px&#8221;][l_newsletter][vc_empty_space height=&#8221;20px&#8221;][\/vc_column][\/vc_row]<\/p>","protected":false},"excerpt":{"rendered":"<p>[vc_row full_width=&#8221;stretch_row_content_no_spaces&#8221;][vc_column][l_home_slider features_text_1=&#8221;INSTANT BOOKING&#8221; features_text_2=&#8221;24\/7 SUPPORT&#8221; features_text_3=&#8221;FREE WI-FI&#8221;][\/vc_column][\/vc_row][vc_row full_width=&#8221;stretch_row&#8221;][vc_column][vc_empty_space height=&#8221;50px&#8221;][vc_column_text] ABOUT [\/vc_column_text][vc_empty_space height=&#8221;15px&#8221;][vc_row_inner css=&#8221;.vc_custom_1479986647437{padding-right: 17% !important;padding-left: 17% !important;}&#8221;][vc_column_inner][vc_custom_heading text=&#8221;OKTOPOUS offers you a wide range of sites, vacation spots and activities<\/p>\n<div><a href=\"https:\/\/groupoktopous.com\/fr\/modern-home-page\/\" class=\"exp-read-more exp-read-more-underlined\">Read More<\/a><\/div>","protected":false},"author":1,"featured_media":0,"parent":0,"menu_order":0,"comment_status":"closed","ping_status":"closed","template":"","meta":{"footnotes":""},"class_list":["post-440","page","type-page","status-publish","hentry"],"_links":{"self":[{"href":"https:\/\/groupoktopous.com\/fr\/wp-json\/wp\/v2\/pages\/440","targetHints":{"allow":["GET"]}}],"collection":[{"href":"https:\/\/groupoktopous.com\/fr\/wp-json\/wp\/v2\/pages"}],"about":[{"href":"https:\/\/groupoktopous.com\/fr\/wp-json\/wp\/v2\/types\/page"}],"author":[{"embeddable":true,"href":"https:\/\/groupoktopous.com\/fr\/wp-json\/wp\/v2\/users\/1"}],"replies":[{"embeddable":true,"href":"https:\/\/groupoktopous.com\/fr\/wp-json\/wp\/v2\/comments?post=440"}],"version-history":[{"count":6,"href":"https:\/\/groupoktopous.com\/fr\/wp-json\/wp\/v2\/pages\/440\/revisions"}],"predecessor-version":[{"id":1740,"href":"https:\/\/groupoktopous.com\/fr\/wp-json\/wp\/v2\/pages\/440\/revisions\/1740"}],"wp:attachment":[{"href":"https:\/\/groupoktopous.com\/fr\/wp-json\/wp\/v2\/media?parent=440"}],"curies":[{"name":"wp","href":"https:\/\/api.w.org\/{rel}","templated":true}]}}